{"id":10,"date":"2021-01-03T09:00:01","date_gmt":"2021-01-03T08:00:01","guid":{"rendered":"http:\/\/architectedevosreves.com\/?page_id=10"},"modified":"2026-01-20T15:40:13","modified_gmt":"2026-01-20T14:40:13","slug":"formules-et-tarifs","status":"publish","type":"page","link":"https:\/\/architectedevosreves.com\/es\/formules-et-tarifs\/","title":{"rendered":"Fechas y tarifas"},"content":{"rendered":"","protected":false},"excerpt":{"rendered":"","protected":false},"author":1,"featured_media":0,"parent":0,"menu_order":0,"comment_status":"closed","ping_status":"closed","template":"template-formules.php","meta":{"_acf_changed":false,"footnotes":""},"class_list":["post-10","page","type-page","status-publish","hentry"],"acf":[],"yoast_head":"<!-- This site is optimized with the Yoast SEO plugin v26.9 - https:\/\/yoast.com\/product\/yoast-seo-wordpress\/ -->\n<title>Formules dates et tarifs &#8902; Architecte de vos r\u00eaves<\/title>\n<meta name=\"robots\" content=\"noindex, follow, max-snippet:-1, max-image-preview:large, max-video-preview:-1\" \/>\n<meta property=\"og:locale\" content=\"es_ES\" \/>\n<meta property=\"og:type\" content=\"article\" \/>\n<meta property=\"og:title\" content=\"Formules dates et tarifs &#8902; Architecte de vos r\u00eaves\" \/>\n<meta property=\"og:url\" content=\"https:\/\/architectedevosreves.com\/es\/formules-et-tarifs\/\" \/>\n<meta property=\"og:site_name\" content=\"Architecte de vos r\u00eaves\" \/>\n<meta property=\"article:modified_time\" content=\"2026-01-20T14:40:13+00:00\" \/>\n<meta name=\"twitter:card\" content=\"summary_large_image\" \/>\n<meta name=\"twitter:label1\" content=\"Tiempo de lectura\" \/>\n\t<meta name=\"twitter:data1\" content=\"2 minutos\" \/>\n<script type=\"application\/ld+json\" class=\"yoast-schema-graph\">{\"@context\":\"https:\/\/schema.org\",\"@graph\":[{\"@type\":\"WebPage\",\"@id\":\"https:\/\/architectedevosreves.com\/formules-et-tarifs\/\",\"url\":\"https:\/\/architectedevosreves.com\/formules-et-tarifs\/\",\"name\":\"Formules dates et tarifs &#8902; Architecte de vos r\u00eaves\",\"isPartOf\":{\"@id\":\"https:\/\/architectedevosreves.com\/#website\"},\"datePublished\":\"2021-01-03T08:00:01+00:00\",\"dateModified\":\"2026-01-20T14:40:13+00:00\",\"breadcrumb\":{\"@id\":\"https:\/\/architectedevosreves.com\/formules-et-tarifs\/#breadcrumb\"},\"inLanguage\":\"es-AR\",\"potentialAction\":[{\"@type\":\"ReadAction\",\"target\":[\"https:\/\/architectedevosreves.com\/formules-et-tarifs\/\"]}]},{\"@type\":\"BreadcrumbList\",\"@id\":\"https:\/\/architectedevosreves.com\/formules-et-tarifs\/#breadcrumb\",\"itemListElement\":[{\"@type\":\"ListItem\",\"position\":1,\"name\":\"Home\",\"item\":\"https:\/\/architectedevosreves.com\/\"},{\"@type\":\"ListItem\",\"position\":2,\"name\":\"Formules dates et tarifs\"}]},{\"@type\":\"WebSite\",\"@id\":\"https:\/\/architectedevosreves.com\/#website\",\"url\":\"https:\/\/architectedevosreves.com\/\",\"name\":\"Architecte de vos r\u00eaves\",\"description\":\"Accompagner les personnes \u00e0 r\u00e9aliser leurs talents\",\"potentialAction\":[{\"@type\":\"SearchAction\",\"target\":{\"@type\":\"EntryPoint\",\"urlTemplate\":\"https:\/\/architectedevosreves.com\/?s={search_term_string}\"},\"query-input\":{\"@type\":\"PropertyValueSpecification\",\"valueRequired\":true,\"valueName\":\"search_term_string\"}}],\"inLanguage\":\"es-AR\"}]}<\/script>\n<!-- \/ Yoast SEO plugin. -->","yoast_head_json":{"title":"Formules dates et tarifs &#8902; Architecte de vos r\u00eaves","robots":{"index":"noindex","follow":"follow","max-snippet":"max-snippet:-1","max-image-preview":"max-image-preview:large","max-video-preview":"max-video-preview:-1"},"og_locale":"es_ES","og_type":"article","og_title":"Formules dates et tarifs &#8902; Architecte de vos r\u00eaves","og_url":"https:\/\/architectedevosreves.com\/es\/formules-et-tarifs\/","og_site_name":"Architecte de vos r\u00eaves","article_modified_time":"2026-01-20T14:40:13+00:00","twitter_card":"summary_large_image","twitter_misc":{"Tiempo de lectura":"2 minutos"},"schema":{"@context":"https:\/\/schema.org","@graph":[{"@type":"WebPage","@id":"https:\/\/architectedevosreves.com\/formules-et-tarifs\/","url":"https:\/\/architectedevosreves.com\/formules-et-tarifs\/","name":"Formules dates et tarifs &#8902; Architecte de vos r\u00eaves","isPartOf":{"@id":"https:\/\/architectedevosreves.com\/#website"},"datePublished":"2021-01-03T08:00:01+00:00","dateModified":"2026-01-20T14:40:13+00:00","breadcrumb":{"@id":"https:\/\/architectedevosreves.com\/formules-et-tarifs\/#breadcrumb"},"inLanguage":"es-AR","potentialAction":[{"@type":"ReadAction","target":["https:\/\/architectedevosreves.com\/formules-et-tarifs\/"]}]},{"@type":"BreadcrumbList","@id":"https:\/\/architectedevosreves.com\/formules-et-tarifs\/#breadcrumb","itemListElement":[{"@type":"ListItem","position":1,"name":"Home","item":"https:\/\/architectedevosreves.com\/"},{"@type":"ListItem","position":2,"name":"Formules dates et tarifs"}]},{"@type":"WebSite","@id":"https:\/\/architectedevosreves.com\/#website","url":"https:\/\/architectedevosreves.com\/","name":"Architecte de vos r\u00eaves","description":"Accompagner les personnes \u00e0 r\u00e9aliser leurs talents","potentialAction":[{"@type":"SearchAction","target":{"@type":"EntryPoint","urlTemplate":"https:\/\/architectedevosreves.com\/?s={search_term_string}"},"query-input":{"@type":"PropertyValueSpecification","valueRequired":true,"valueName":"search_term_string"}}],"inLanguage":"es-AR"}]}},"_links":{"self":[{"href":"https:\/\/architectedevosreves.com\/es\/wp-json\/wp\/v2\/pages\/10","targetHints":{"allow":["GET"]}}],"collection":[{"href":"https:\/\/architectedevosreves.com\/es\/wp-json\/wp\/v2\/pages"}],"about":[{"href":"https:\/\/architectedevosreves.com\/es\/wp-json\/wp\/v2\/types\/page"}],"author":[{"embeddable":true,"href":"https:\/\/architectedevosreves.com\/es\/wp-json\/wp\/v2\/users\/1"}],"replies":[{"embeddable":true,"href":"https:\/\/architectedevosreves.com\/es\/wp-json\/wp\/v2\/comments?post=10"}],"version-history":[{"count":0,"href":"https:\/\/architectedevosreves.com\/es\/wp-json\/wp\/v2\/pages\/10\/revisions"}],"wp:attachment":[{"href":"https:\/\/architectedevosreves.com\/es\/wp-json\/wp\/v2\/media?parent=10"}],"curies":[{"name":"wp","href":"https:\/\/api.w.org\/{rel}","templated":true}]}}