{"id":13,"date":"2017-11-29T12:39:01","date_gmt":"2017-11-29T11:39:01","guid":{"rendered":"http:\/\/architectedevosreves.com\/?page_id=13"},"modified":"2026-01-26T15:45:10","modified_gmt":"2026-01-26T14:45:10","slug":"temoignages","status":"publish","type":"page","link":"https:\/\/architectedevosreves.com\/es\/temoignages\/","title":{"rendered":"Testimonios de participantes"},"content":{"rendered":"<h2><strong>Algunos testimonios de los participantes en los talleres mensuales, a quienes agradezco sinceramente.<br \/>\n<\/strong><\/h2>\n<p>Estas reuniones, cuyo objetivo es quererse a uno mismo, una vez al mes... \u00a1me hacen mucho bien!<\/p>\n<p>Patricia nos ofrece muchas ideas, tanto intelectuales como pr\u00e1cticas, para ayudarnos a avanzar. \u00a1Es muy atractivo, interesante y divertido!<\/p>\n<p>El grupo est\u00e1 muy unido, se conf\u00eda y se aprecia mutuamente.<\/p>\n<p>\u00a1Estoy avanzando y me siento mucho mejor!<strong><img fetchpriority=\"high\" decoding=\"async\" class=\"size-medium wp-image-690 alignright\" src=\"https:\/\/architectedevosreves.com\/wp-content\/uploads\/2018\/03\/francine-2-169x300.jpg\" alt=\"\" width=\"169\" height=\"300\" srcset=\"https:\/\/architectedevosreves.com\/wp-content\/uploads\/2018\/03\/francine-2-169x300.jpg 169w, https:\/\/architectedevosreves.com\/wp-content\/uploads\/2018\/03\/francine-2-576x1024.jpg 576w, https:\/\/architectedevosreves.com\/wp-content\/uploads\/2018\/03\/francine-2.jpg 720w\" sizes=\"(max-width: 169px) 100vw, 169px\" \/><\/strong><\/p>\n<p>\u00a1Hago cosas que antes no hac\u00eda, o que hab\u00eda dejado de hacer!<\/p>\n<p>\u00a1He recuperado la alegr\u00eda de vivir y tengo m\u00e1s confianza en m\u00ed misma!<\/p>\n<p>\u00a1Puedo recomendar estos cursos con entusiasmo y sin dudarlo!<\/p>\n<p><strong>Francine F. Puericultora<\/strong><\/p>\n<p>Este taller sobre la autoestima es como un par\u00e9ntesis privilegiado en mi vida. Se ha convertido en un momento sincero de reflexi\u00f3n, de aprendizaje sobre m\u00ed misma y de toma de conciencia.<\/p>\n<p>Gracias al apoyo de Patricia y a la energ\u00eda positiva de los miembros del grupo, que comparten el mismo objetivo en un ambiente de amabilidad y sin prejuicios, he aprendido mucho y me doy cuenta de que mis expectativas respecto a este taller se han cumplido con creces.<\/p>\n<p>Ahora puedo aceptar mi \u00abverdadero yo\u00bb. Me siento m\u00e1s aut\u00e9ntica. El resultado es que mis relaciones con los dem\u00e1s se han vuelto m\u00e1s armoniosas y me siento mucho m\u00e1s feliz y serena.<\/p>\n<p><strong>Elisabeth F.<\/strong><\/p>\n<p><img decoding=\"async\" class=\"size-medium wp-image-695\" src=\"https:\/\/architectedevosreves.com\/wp-content\/uploads\/2018\/03\/elisabeth-fournel-173x300.jpg\" alt=\"\" width=\"173\" height=\"300\" srcset=\"https:\/\/architectedevosreves.com\/wp-content\/uploads\/2018\/03\/elisabeth-fournel-173x300.jpg 173w, https:\/\/architectedevosreves.com\/wp-content\/uploads\/2018\/03\/elisabeth-fournel-768x1331.jpg 768w, https:\/\/architectedevosreves.com\/wp-content\/uploads\/2018\/03\/elisabeth-fournel-591x1024.jpg 591w, https:\/\/architectedevosreves.com\/wp-content\/uploads\/2018\/03\/elisabeth-fournel.jpg 790w\" sizes=\"(max-width: 173px) 100vw, 173px\" \/><\/p>\n<h2><strong>Testimonios de personas que acudieron a m\u00ed para sesiones individuales entre 2017 y 2019.<br \/>\n<\/strong><\/h2>\n<p><em>Una mujer salvaje que ha aprendido las lecciones de una vida generosa y agitada. Una mujer sensible, con una inteligencia del coraz\u00f3n despierta y dotada de una curiosidad insaciable por los misterios de la vida. Patricia Lagier comparte con usted la esencia de sus descubrimientos...<\/em><strong>R. B. Psic\u00f3logo.<\/strong><\/p>\n<p>&nbsp;<\/p>\n<p><em>Mes RDV hebdomadaires avec Patricia Lagier m\u2019ont permis de faire le point sur les \u00e9v\u00e9nements importants de ma vie qu\u2019il ne m\u2019\u00e9tait pas facile de g\u00e9rer seule. Ces temps de partage et d\u2019\u00e9coute avec Patricia Lagier  sont d\u2019une valeur inestimable parce qu\u2019ils m\u2019ont permis de toucher en moi ce que je vivais de plus difficile J\u2019ai eu cette possibilit\u00e9 de les exprimer et d\u2019y mettre de l\u2019ordre (un peu comme si je rangeais mon bureau pour y voir plus clair et y d\u00e9finir mes priorit\u00e9s.) J\u2019en repars toujours avec les id\u00e9es plus claires pour poursuivre mes objectifs et une l\u00e9g\u00e8ret\u00e9 \u00e9motionnelle qui me donne des ailes.<br \/>\nNo puedo sino recomendarla para sesiones individuales y grupales.<\/em><em>Su capacidad para escuchar, su dulzura y su originalidad son para m\u00ed una verdadera iniciaci\u00f3n a mi vida en todos los \u00e1mbitos (profesional y personal). \u00a1Muchas gracias por todo lo que me ofrece a trav\u00e9s de su trabajo!<\/em>\u00a0<strong>A.C. Terapeuta corporal<br \/>\n<\/strong><\/p>\n<p>&nbsp;<\/p>\n<p><em>Resumir en pocas palabras lo que me aporta nuestro trabajo: el cambio que siento, que veo la vida con otra mirada que no deja de evolucionar.<\/em>\u00a0<strong>M.<\/strong><\/p>\n<p>&nbsp;<\/p>\n<p><em>Como cient\u00edfica especializada en ciencias de la vida, Patricia Lagier nos propone una lectura, un hilo conductor de nuestros caminos en el que el entramado de nuestra historia cobra sentido. A trav\u00e9s de sus conferencias y talleres, se propone ofrecer herramientas, interpretaciones y traducciones que solo pretenden ser... \u00a1una ayuda!\u00a0<\/em><strong>A. M. Enfermera.<\/strong><\/p>\n<p><em>Gracias a la terapia con Patricia, ahora tengo la confianza necesaria para lanzarme a descubrir la vida.<\/em><\/p>\n<p><em>En cada sesi\u00f3n, una gran toma de conciencia sobre un bloqueo y la forma de transformarlo.<\/em><\/p>\n<p><em>Pude confiar en \u00e9l, algo indispensable para avanzar, ya que observ\u00e9 que su comprensi\u00f3n se basa en fundamentos s\u00f3lidos y profundos.<\/em><\/p>\n<p><em>Empec\u00e9 una terapia con Patricia para resolver mis problemas psicol\u00f3gicos, pero ella me est\u00e1 abriendo las puertas a un desarrollo mucho m\u00e1s amplio que eso.<\/em><\/p>\n<p><em>Patricia conoce numerosas herramientas terap\u00e9uticas que han demostrado ser muy beneficiosas para distintos problemas y, cuando ha sido necesario, me ha derivado a otros terapeutas de forma puntual. <strong>Laurent N<br \/>\n<\/strong><\/em><\/p>\n<div class=\"aju\">\n<div class=\"aCi\"><span class=\"qu\" tabindex=\"-1\" role=\"gridcell\"><span class=\"gD\" data-hovercard-id=\"laurentneu@yahoo.fr\">Tuve mi primera cita de urgencia, durante una etapa muy dif\u00edcil en la que se mezclaban problemas profesionales y personales que me hac\u00edan sentir como si me estuviera ahogando.<\/span><\/span><span class=\"qu\" tabindex=\"-1\" role=\"gridcell\"><span class=\"gD\" data-hovercard-id=\"laurentneu@yahoo.fr\"> Agradezco a Patricia por permitirme vivir esta prueba como una experiencia de vida. <\/span><\/span><span class=\"qu\" tabindex=\"-1\" role=\"gridcell\"><span class=\"gD\" data-hovercard-id=\"laurentneu@yahoo.fr\">y aprender m\u00e1s sobre mis fortalezas y debilidades.<\/span><\/span><span class=\"qu\" tabindex=\"-1\" role=\"gridcell\"><span class=\"gD\" data-hovercard-id=\"laurentneu@yahoo.fr\">Ahora, cuando me encuentro con una dificultad, soy capaz de afrontarla con m\u00e1s serenidad.<br \/>\n<\/span><\/span><span class=\"qu\" tabindex=\"-1\" role=\"gridcell\"><span class=\"gD\" data-hovercard-id=\"laurentneu@yahoo.fr\"><em><strong>M<\/strong><\/em><strong>athieu<\/strong><strong>P <\/strong>despu\u00e9s de 4 sesiones individuales.<\/span><\/span><\/p>\n<p>&nbsp;<\/p>\n<\/div>\n<\/div>\n<div class=\"gE iv gt\">\n<div>\u00a1Hola, Patricia! Tu ayuda me ha sido muy valiosa, cada vez estoy m\u00e1s feliz y segura de m\u00ed misma. Quiz\u00e1s vuelva a contactarte, pero por ahora voy a disfrutar de este momento de plena felicidad. Gracias de nuevo.<\/div>\n<div><strong>Maryline J<\/strong> despu\u00e9s de dos sesiones individuales conmigo.<\/div>\n<\/div>\n<div><\/div>\n<div><\/div>\n<div><\/div>\n<div>\n<h2><strong>Testimonios espec\u00edficos sobre dejar de fumar.<\/strong><\/h2>\n<p>Todav\u00eda me sorprende lo f\u00e1cil que me ha resultado dejar de fumar. \u00a1Y todo gracias al amable apoyo de Patricia por tel\u00e9fono!<\/p>\n<p>El ritual que propone Patricia est\u00e1 lleno de sentido com\u00fan, fruto de su propia experiencia. Adem\u00e1s, domina con gran inteligencia emocional toda una gama de herramientas que, como un hada madrina, va sacando de su bolsa a medida que avanzan nuestras sesiones. Y la magia surte un profundo efecto.<\/p>\n<p>As\u00ed, pude, con confianza, tomar conciencia de cada v\u00ednculo que me un\u00eda al cigarro, reconocer lo que hab\u00eda sido, agradecer y, finalmente, aceptar mi humildad.<\/p>\n<p>Viv\u00ed este proceso como si fuera mi propio parto.<\/p>\n<p>Salgo de este ritual con un inmenso agradecimiento y gratitud hacia Patricia, una mujer sencillamente rica. <strong>Claire G. Savoie<\/strong><\/p>\n<\/div>\n<p>&nbsp;<\/p>\n<p>Buenos d\u00edas,<br \/>\nAprovecho para leer su publicaci\u00f3n sobre Maud Ankaoua, de quien acabo de leer las dos novelas (me preguntaba si otras lecturas podr\u00edan guiarme en la progresi\u00f3n personal descrita en \u00abRespire\u00bb...) para agradecerle su apoyo y la confianza que me brind\u00f3 durante mi agotamiento en 2017, durante mis vacaciones en Forcalquier. Gracias a usted, me atrev\u00ed a dar el paso, salir del hospital y empezar a ejercer la medicina en una consulta privada, a mi manera. Esta actividad se adapta mucho mejor a m\u00ed. He progresado, pero a\u00fan me queda mucho por hacer, sobre todo en lo que se refiere a la gesti\u00f3n de mis emociones y mi hipersensibilidad. Le agradezco de todo coraz\u00f3n su ayuda.<br \/>\nNo s\u00e9 si se acuerda de m\u00ed.<br \/>\n<strong>Val\u00e9rie (Bruxelles)<\/strong><\/p>\n<div class=\"\">\n<div id=\":r8\" class=\"ii gt\">\n<div id=\":r7\" class=\"a3s aXjCH\">\n<div><\/div>\n<div>PD: Nunca olvido a nadie, y mucho menos a las personas que he recibido en mi intimidad, ellas est\u00e1n y permanecer\u00e1n en mi coraz\u00f3n. Me encanta recibir noticias suyas, como las de esa doctora que me escribi\u00f3 cuatro a\u00f1os despu\u00e9s, \u00a1aunque me hubiera gustado tener noticias suyas antes!<\/div>\n<\/div>\n<\/div>\n<\/div>\n<table class=\"cf gJ\" style=\"height: 23px;\" width=\"5\" cellpadding=\"0\">\n<tbody>\n<tr class=\"acZ xD\">\n<td colspan=\"3\"><\/td>\n<\/tr>\n<\/tbody>\n<\/table>","protected":false},"excerpt":{"rendered":"<p>Quelques t\u00e9moignages des participants aux ateliers mensuels, que je remercie sinc\u00e8rement Ces rencontres ayant pour but de s\u2019aimer soi m\u00eame, un jour par mois&#8230; me font un tr\u00e8s grand bien! Patricia nous propose plein de pistes, intellectuelles et pratiques, pour nous aider \u00e0 avancer \u00a0!!C\u2018est tr\u00e8s attractif, int\u00e9ressant et ludique ! Le groupe est bien [&hellip;]<\/p>","protected":false},"author":1,"featured_media":0,"parent":0,"menu_order":0,"comment_status":"closed","ping_status":"closed","template":"","meta":{"_acf_changed":false,"footnotes":""},"class_list":["post-13","page","type-page","status-publish","hentry"],"acf":[],"yoast_head":"<!-- This site is optimized with the Yoast SEO plugin v26.9 - https:\/\/yoast.com\/product\/yoast-seo-wordpress\/ -->\n<title>T\u00e9moignages de participants &#8902; Architecte de vos r\u00eaves<\/title>\n<meta name=\"robots\" content=\"noindex, follow, max-snippet:-1, max-image-preview:large, max-video-preview:-1\" \/>\n<meta property=\"og:locale\" content=\"es_ES\" \/>\n<meta property=\"og:type\" content=\"article\" \/>\n<meta property=\"og:title\" content=\"T\u00e9moignages de participants &#8902; Architecte de vos r\u00eaves\" \/>\n<meta property=\"og:description\" content=\"Quelques t\u00e9moignages des participants aux ateliers mensuels, que je remercie sinc\u00e8rement Ces rencontres ayant pour but de s\u2019aimer soi m\u00eame, un jour par mois&#8230; me font un tr\u00e8s grand bien! Patricia nous propose plein de pistes, intellectuelles et pratiques, pour nous aider \u00e0 avancer \u00a0!!C\u2018est tr\u00e8s attractif, int\u00e9ressant et ludique ! Le groupe est bien [&hellip;]\" \/>\n<meta property=\"og:url\" content=\"https:\/\/architectedevosreves.com\/es\/temoignages\/\" \/>\n<meta property=\"og:site_name\" content=\"Architecte de vos r\u00eaves\" \/>\n<meta property=\"article:modified_time\" content=\"2026-01-26T14:45:10+00:00\" \/>\n<meta property=\"og:image\" content=\"https:\/\/architectedevosreves.com\/wp-content\/uploads\/2018\/03\/francine-2.jpg\" \/>\n\t<meta property=\"og:image:width\" content=\"720\" \/>\n\t<meta property=\"og:image:height\" content=\"1280\" \/>\n\t<meta property=\"og:image:type\" content=\"image\/jpeg\" \/>\n<meta name=\"twitter:card\" content=\"summary_large_image\" \/>\n<meta name=\"twitter:label1\" content=\"Tiempo de lectura\" \/>\n\t<meta name=\"twitter:data1\" content=\"6 minutos\" \/>\n<script type=\"application\/ld+json\" class=\"yoast-schema-graph\">{\"@context\":\"https:\/\/schema.org\",\"@graph\":[{\"@type\":\"WebPage\",\"@id\":\"https:\/\/architectedevosreves.com\/temoignages\/\",\"url\":\"https:\/\/architectedevosreves.com\/temoignages\/\",\"name\":\"T\u00e9moignages de participants &#8902; Architecte de vos r\u00eaves\",\"isPartOf\":{\"@id\":\"https:\/\/architectedevosreves.com\/#website\"},\"primaryImageOfPage\":{\"@id\":\"https:\/\/architectedevosreves.com\/temoignages\/#primaryimage\"},\"image\":{\"@id\":\"https:\/\/architectedevosreves.com\/temoignages\/#primaryimage\"},\"thumbnailUrl\":\"https:\/\/architectedevosreves.com\/wp-content\/uploads\/2018\/03\/francine-2-169x300.jpg\",\"datePublished\":\"2017-11-29T11:39:01+00:00\",\"dateModified\":\"2026-01-26T14:45:10+00:00\",\"breadcrumb\":{\"@id\":\"https:\/\/architectedevosreves.com\/temoignages\/#breadcrumb\"},\"inLanguage\":\"es-AR\",\"potentialAction\":[{\"@type\":\"ReadAction\",\"target\":[\"https:\/\/architectedevosreves.com\/temoignages\/\"]}]},{\"@type\":\"ImageObject\",\"inLanguage\":\"es-AR\",\"@id\":\"https:\/\/architectedevosreves.com\/temoignages\/#primaryimage\",\"url\":\"https:\/\/architectedevosreves.com\/wp-content\/uploads\/2018\/03\/francine-2-169x300.jpg\",\"contentUrl\":\"https:\/\/architectedevosreves.com\/wp-content\/uploads\/2018\/03\/francine-2-169x300.jpg\"},{\"@type\":\"BreadcrumbList\",\"@id\":\"https:\/\/architectedevosreves.com\/temoignages\/#breadcrumb\",\"itemListElement\":[{\"@type\":\"ListItem\",\"position\":1,\"name\":\"Home\",\"item\":\"https:\/\/architectedevosreves.com\/\"},{\"@type\":\"ListItem\",\"position\":2,\"name\":\"T\u00e9moignages de participants\"}]},{\"@type\":\"WebSite\",\"@id\":\"https:\/\/architectedevosreves.com\/#website\",\"url\":\"https:\/\/architectedevosreves.com\/\",\"name\":\"Architecte de vos r\u00eaves\",\"description\":\"Accompagner les personnes \u00e0 r\u00e9aliser leurs talents\",\"potentialAction\":[{\"@type\":\"SearchAction\",\"target\":{\"@type\":\"EntryPoint\",\"urlTemplate\":\"https:\/\/architectedevosreves.com\/?s={search_term_string}\"},\"query-input\":{\"@type\":\"PropertyValueSpecification\",\"valueRequired\":true,\"valueName\":\"search_term_string\"}}],\"inLanguage\":\"es-AR\"}]}<\/script>\n<!-- \/ Yoast SEO plugin. -->","yoast_head_json":{"title":"T\u00e9moignages de participants &#8902; Architecte de vos r\u00eaves","robots":{"index":"noindex","follow":"follow","max-snippet":"max-snippet:-1","max-image-preview":"max-image-preview:large","max-video-preview":"max-video-preview:-1"},"og_locale":"es_ES","og_type":"article","og_title":"T\u00e9moignages de participants &#8902; Architecte de vos r\u00eaves","og_description":"Quelques t\u00e9moignages des participants aux ateliers mensuels, que je remercie sinc\u00e8rement Ces rencontres ayant pour but de s\u2019aimer soi m\u00eame, un jour par mois&#8230; me font un tr\u00e8s grand bien! Patricia nous propose plein de pistes, intellectuelles et pratiques, pour nous aider \u00e0 avancer \u00a0!!C\u2018est tr\u00e8s attractif, int\u00e9ressant et ludique ! Le groupe est bien [&hellip;]","og_url":"https:\/\/architectedevosreves.com\/es\/temoignages\/","og_site_name":"Architecte de vos r\u00eaves","article_modified_time":"2026-01-26T14:45:10+00:00","og_image":[{"width":720,"height":1280,"url":"https:\/\/architectedevosreves.com\/wp-content\/uploads\/2018\/03\/francine-2.jpg","type":"image\/jpeg"}],"twitter_card":"summary_large_image","twitter_misc":{"Tiempo de lectura":"6 minutos"},"schema":{"@context":"https:\/\/schema.org","@graph":[{"@type":"WebPage","@id":"https:\/\/architectedevosreves.com\/temoignages\/","url":"https:\/\/architectedevosreves.com\/temoignages\/","name":"T\u00e9moignages de participants &#8902; Architecte de vos r\u00eaves","isPartOf":{"@id":"https:\/\/architectedevosreves.com\/#website"},"primaryImageOfPage":{"@id":"https:\/\/architectedevosreves.com\/temoignages\/#primaryimage"},"image":{"@id":"https:\/\/architectedevosreves.com\/temoignages\/#primaryimage"},"thumbnailUrl":"https:\/\/architectedevosreves.com\/wp-content\/uploads\/2018\/03\/francine-2-169x300.jpg","datePublished":"2017-11-29T11:39:01+00:00","dateModified":"2026-01-26T14:45:10+00:00","breadcrumb":{"@id":"https:\/\/architectedevosreves.com\/temoignages\/#breadcrumb"},"inLanguage":"es-AR","potentialAction":[{"@type":"ReadAction","target":["https:\/\/architectedevosreves.com\/temoignages\/"]}]},{"@type":"ImageObject","inLanguage":"es-AR","@id":"https:\/\/architectedevosreves.com\/temoignages\/#primaryimage","url":"https:\/\/architectedevosreves.com\/wp-content\/uploads\/2018\/03\/francine-2-169x300.jpg","contentUrl":"https:\/\/architectedevosreves.com\/wp-content\/uploads\/2018\/03\/francine-2-169x300.jpg"},{"@type":"BreadcrumbList","@id":"https:\/\/architectedevosreves.com\/temoignages\/#breadcrumb","itemListElement":[{"@type":"ListItem","position":1,"name":"Home","item":"https:\/\/architectedevosreves.com\/"},{"@type":"ListItem","position":2,"name":"T\u00e9moignages de participants"}]},{"@type":"WebSite","@id":"https:\/\/architectedevosreves.com\/#website","url":"https:\/\/architectedevosreves.com\/","name":"Architecte de vos r\u00eaves","description":"Accompagner les personnes \u00e0 r\u00e9aliser leurs talents","potentialAction":[{"@type":"SearchAction","target":{"@type":"EntryPoint","urlTemplate":"https:\/\/architectedevosreves.com\/?s={search_term_string}"},"query-input":{"@type":"PropertyValueSpecification","valueRequired":true,"valueName":"search_term_string"}}],"inLanguage":"es-AR"}]}},"_links":{"self":[{"href":"https:\/\/architectedevosreves.com\/es\/wp-json\/wp\/v2\/pages\/13","targetHints":{"allow":["GET"]}}],"collection":[{"href":"https:\/\/architectedevosreves.com\/es\/wp-json\/wp\/v2\/pages"}],"about":[{"href":"https:\/\/architectedevosreves.com\/es\/wp-json\/wp\/v2\/types\/page"}],"author":[{"embeddable":true,"href":"https:\/\/architectedevosreves.com\/es\/wp-json\/wp\/v2\/users\/1"}],"replies":[{"embeddable":true,"href":"https:\/\/architectedevosreves.com\/es\/wp-json\/wp\/v2\/comments?post=13"}],"version-history":[{"count":0,"href":"https:\/\/architectedevosreves.com\/es\/wp-json\/wp\/v2\/pages\/13\/revisions"}],"wp:attachment":[{"href":"https:\/\/architectedevosreves.com\/es\/wp-json\/wp\/v2\/media?parent=13"}],"curies":[{"name":"wp","href":"https:\/\/api.w.org\/{rel}","templated":true}]}}