{"id":7,"date":"2017-11-29T12:36:56","date_gmt":"2017-11-29T11:36:56","guid":{"rendered":"http:\/\/architectedevosreves.com\/?page_id=7"},"modified":"2026-01-20T15:59:44","modified_gmt":"2026-01-20T14:59:44","slug":"accueil","status":"publish","type":"page","link":"https:\/\/architectedevosreves.com\/es\/","title":{"rendered":"Inicio"},"content":{"rendered":"<div class=\"wp-block-image\">\n<figure class=\"aligncenter\"><img decoding=\"async\" width=\"178\" height=\"178\" src=\"https:\/\/architectedevosreves.com\/wp-content\/uploads\/2017\/12\/index.png\" alt=\"\" class=\"wp-image-620\" srcset=\"https:\/\/architectedevosreves.com\/wp-content\/uploads\/2017\/12\/index.png 178w, https:\/\/architectedevosreves.com\/wp-content\/uploads\/2017\/12\/index-150x150.png 150w\" sizes=\"(max-width: 178px) 100vw, 178px\" \/><\/figure>\n<\/div>\n\n\n<p><\/p>\n\n\n\n<h2 class=\"wp-block-heading\"> Hoy en d\u00eda me he convertido en una mujer sabia, una maestra.<\/h2>\n\n\n\n<p><strong>Abuelita, te transmito <\/strong> todos mis conocimientos y experiencias en una iniciaci\u00f3n, un recorrido, una formaci\u00f3n en la Universidad del Pavo Real, en particular a trav\u00e9s del camino del tarot.<\/p>\n\n\n\n<p><\/p>\n\n\n\n<p><\/p>\n\n\n\n<p>Imparto talleres en Francia, Suiza y Argentina, y realizo consultas por tel\u00e9fono y Skype.<\/p>\n\n\n\n<hr class=\"wp-block-separator has-alpha-channel-opacity\"\/>\n\n\n\n<div class=\"wp-block-media-text alignwide\"><figure class=\"wp-block-media-text__media\"><img fetchpriority=\"high\" decoding=\"async\" width=\"1024\" height=\"840\" src=\"https:\/\/architectedevosreves.com\/wp-content\/uploads\/2019\/03\/IMG_20160812_134205-1024x840.jpg\" alt=\"\" class=\"wp-image-760 size-full\" srcset=\"https:\/\/architectedevosreves.com\/wp-content\/uploads\/2019\/03\/IMG_20160812_134205-1024x840.jpg 1024w, https:\/\/architectedevosreves.com\/wp-content\/uploads\/2019\/03\/IMG_20160812_134205-300x246.jpg 300w, https:\/\/architectedevosreves.com\/wp-content\/uploads\/2019\/03\/IMG_20160812_134205-768x630.jpg 768w, https:\/\/architectedevosreves.com\/wp-content\/uploads\/2019\/03\/IMG_20160812_134205.jpg 1772w\" sizes=\"(max-width: 1024px) 100vw, 1024px\" \/><\/figure><div class=\"wp-block-media-text__content\">\n<h1 class=\"wp-block-heading\"><\/h1>\n\n\n\n<p><\/p>\n\n\n\n<p><\/p>\n<\/div><\/div>\n\n\n\n<h6 class=\"wp-block-heading\"><\/h6>\n\n\n\n<p><\/p>","protected":false},"excerpt":{"rendered":"<p>Au jour d&rsquo;hui je suis devenue femme sage, enseignante Abuelita je vous transmets toutes mes connaissances et exp\u00e9riences dans une initiation , parcours ,formation dans l&rsquo;universit\u00e9 du paon \u00e0 travers notamment la voie du tarot J&rsquo;anime des ateliers en France, Suisse , Argentine et&nbsp; fais des consultations par t\u00e9l\u00e9phone et skype .<\/p>","protected":false},"author":1,"featured_media":842,"parent":0,"menu_order":0,"comment_status":"closed","ping_status":"closed","template":"","meta":{"_acf_changed":false,"footnotes":""},"class_list":["post-7","page","type-page","status-publish","has-post-thumbnail","hentry"],"acf":[],"yoast_head":"<!-- This site is optimized with the Yoast SEO plugin v26.9 - https:\/\/yoast.com\/product\/yoast-seo-wordpress\/ -->\n<title>Accueil &#8902; Architecte de vos r\u00eaves<\/title>\n<meta name=\"robots\" content=\"noindex, follow, max-snippet:-1, max-image-preview:large, max-video-preview:-1\" \/>\n<meta property=\"og:locale\" content=\"es_ES\" \/>\n<meta property=\"og:type\" content=\"article\" \/>\n<meta property=\"og:title\" content=\"Accueil &#8902; Architecte de vos r\u00eaves\" \/>\n<meta property=\"og:description\" content=\"Au jour d&rsquo;hui je suis devenue femme sage, enseignante Abuelita je vous transmets toutes mes connaissances et exp\u00e9riences dans une initiation , parcours ,formation dans l&rsquo;universit\u00e9 du paon \u00e0 travers notamment la voie du tarot J&rsquo;anime des ateliers en France, Suisse , Argentine et&nbsp; fais des consultations par t\u00e9l\u00e9phone et skype .\" \/>\n<meta property=\"og:url\" content=\"https:\/\/architectedevosreves.com\/es\/\" \/>\n<meta property=\"og:site_name\" content=\"Architecte de vos r\u00eaves\" \/>\n<meta property=\"article:modified_time\" content=\"2026-01-20T14:59:44+00:00\" \/>\n<meta property=\"og:image\" content=\"https:\/\/architectedevosreves.com\/wp-content\/uploads\/2020\/01\/rose-des-sables.png\" \/>\n\t<meta property=\"og:image:width\" content=\"362\" \/>\n\t<meta property=\"og:image:height\" content=\"344\" \/>\n\t<meta property=\"og:image:type\" content=\"image\/png\" \/>\n<meta name=\"twitter:card\" content=\"summary_large_image\" \/>\n<meta name=\"twitter:label1\" content=\"Tiempo de lectura\" \/>\n\t<meta name=\"twitter:data1\" content=\"2 minutos\" \/>\n<script type=\"application\/ld+json\" class=\"yoast-schema-graph\">{\"@context\":\"https:\/\/schema.org\",\"@graph\":[{\"@type\":\"WebPage\",\"@id\":\"https:\/\/architectedevosreves.com\/\",\"url\":\"https:\/\/architectedevosreves.com\/\",\"name\":\"Accueil &#8902; Architecte de vos r\u00eaves\",\"isPartOf\":{\"@id\":\"https:\/\/architectedevosreves.com\/#website\"},\"primaryImageOfPage\":{\"@id\":\"https:\/\/architectedevosreves.com\/#primaryimage\"},\"image\":{\"@id\":\"https:\/\/architectedevosreves.com\/#primaryimage\"},\"thumbnailUrl\":\"https:\/\/architectedevosreves.com\/wp-content\/uploads\/2020\/01\/rose-des-sables.png\",\"datePublished\":\"2017-11-29T11:36:56+00:00\",\"dateModified\":\"2026-01-20T14:59:44+00:00\",\"breadcrumb\":{\"@id\":\"https:\/\/architectedevosreves.com\/#breadcrumb\"},\"inLanguage\":\"es-AR\",\"potentialAction\":[{\"@type\":\"ReadAction\",\"target\":[\"https:\/\/architectedevosreves.com\/\"]}]},{\"@type\":\"ImageObject\",\"inLanguage\":\"es-AR\",\"@id\":\"https:\/\/architectedevosreves.com\/#primaryimage\",\"url\":\"https:\/\/architectedevosreves.com\/wp-content\/uploads\/2020\/01\/rose-des-sables.png\",\"contentUrl\":\"https:\/\/architectedevosreves.com\/wp-content\/uploads\/2020\/01\/rose-des-sables.png\",\"width\":362,\"height\":344,\"caption\":\"trouver sa direction\"},{\"@type\":\"BreadcrumbList\",\"@id\":\"https:\/\/architectedevosreves.com\/#breadcrumb\",\"itemListElement\":[{\"@type\":\"ListItem\",\"position\":1,\"name\":\"Home\",\"item\":\"https:\/\/architectedevosreves.com\/\"},{\"@type\":\"ListItem\",\"position\":2,\"name\":\"Accueil\"}]},{\"@type\":\"WebSite\",\"@id\":\"https:\/\/architectedevosreves.com\/#website\",\"url\":\"https:\/\/architectedevosreves.com\/\",\"name\":\"Architecte de vos r\u00eaves\",\"description\":\"Accompagner les personnes \u00e0 r\u00e9aliser leurs talents\",\"potentialAction\":[{\"@type\":\"SearchAction\",\"target\":{\"@type\":\"EntryPoint\",\"urlTemplate\":\"https:\/\/architectedevosreves.com\/?s={search_term_string}\"},\"query-input\":{\"@type\":\"PropertyValueSpecification\",\"valueRequired\":true,\"valueName\":\"search_term_string\"}}],\"inLanguage\":\"es-AR\"}]}<\/script>\n<!-- \/ Yoast SEO plugin. -->","yoast_head_json":{"title":"Accueil &#8902; Architecte de vos r\u00eaves","robots":{"index":"noindex","follow":"follow","max-snippet":"max-snippet:-1","max-image-preview":"max-image-preview:large","max-video-preview":"max-video-preview:-1"},"og_locale":"es_ES","og_type":"article","og_title":"Accueil &#8902; Architecte de vos r\u00eaves","og_description":"Au jour d&rsquo;hui je suis devenue femme sage, enseignante Abuelita je vous transmets toutes mes connaissances et exp\u00e9riences dans une initiation , parcours ,formation dans l&rsquo;universit\u00e9 du paon \u00e0 travers notamment la voie du tarot J&rsquo;anime des ateliers en France, Suisse , Argentine et&nbsp; fais des consultations par t\u00e9l\u00e9phone et skype .","og_url":"https:\/\/architectedevosreves.com\/es\/","og_site_name":"Architecte de vos r\u00eaves","article_modified_time":"2026-01-20T14:59:44+00:00","og_image":[{"width":362,"height":344,"url":"https:\/\/architectedevosreves.com\/wp-content\/uploads\/2020\/01\/rose-des-sables.png","type":"image\/png"}],"twitter_card":"summary_large_image","twitter_misc":{"Tiempo de lectura":"2 minutos"},"schema":{"@context":"https:\/\/schema.org","@graph":[{"@type":"WebPage","@id":"https:\/\/architectedevosreves.com\/","url":"https:\/\/architectedevosreves.com\/","name":"Accueil &#8902; Architecte de vos r\u00eaves","isPartOf":{"@id":"https:\/\/architectedevosreves.com\/#website"},"primaryImageOfPage":{"@id":"https:\/\/architectedevosreves.com\/#primaryimage"},"image":{"@id":"https:\/\/architectedevosreves.com\/#primaryimage"},"thumbnailUrl":"https:\/\/architectedevosreves.com\/wp-content\/uploads\/2020\/01\/rose-des-sables.png","datePublished":"2017-11-29T11:36:56+00:00","dateModified":"2026-01-20T14:59:44+00:00","breadcrumb":{"@id":"https:\/\/architectedevosreves.com\/#breadcrumb"},"inLanguage":"es-AR","potentialAction":[{"@type":"ReadAction","target":["https:\/\/architectedevosreves.com\/"]}]},{"@type":"ImageObject","inLanguage":"es-AR","@id":"https:\/\/architectedevosreves.com\/#primaryimage","url":"https:\/\/architectedevosreves.com\/wp-content\/uploads\/2020\/01\/rose-des-sables.png","contentUrl":"https:\/\/architectedevosreves.com\/wp-content\/uploads\/2020\/01\/rose-des-sables.png","width":362,"height":344,"caption":"trouver sa direction"},{"@type":"BreadcrumbList","@id":"https:\/\/architectedevosreves.com\/#breadcrumb","itemListElement":[{"@type":"ListItem","position":1,"name":"Home","item":"https:\/\/architectedevosreves.com\/"},{"@type":"ListItem","position":2,"name":"Accueil"}]},{"@type":"WebSite","@id":"https:\/\/architectedevosreves.com\/#website","url":"https:\/\/architectedevosreves.com\/","name":"Architecte de vos r\u00eaves","description":"Accompagner les personnes \u00e0 r\u00e9aliser leurs talents","potentialAction":[{"@type":"SearchAction","target":{"@type":"EntryPoint","urlTemplate":"https:\/\/architectedevosreves.com\/?s={search_term_string}"},"query-input":{"@type":"PropertyValueSpecification","valueRequired":true,"valueName":"search_term_string"}}],"inLanguage":"es-AR"}]}},"_links":{"self":[{"href":"https:\/\/architectedevosreves.com\/es\/wp-json\/wp\/v2\/pages\/7","targetHints":{"allow":["GET"]}}],"collection":[{"href":"https:\/\/architectedevosreves.com\/es\/wp-json\/wp\/v2\/pages"}],"about":[{"href":"https:\/\/architectedevosreves.com\/es\/wp-json\/wp\/v2\/types\/page"}],"author":[{"embeddable":true,"href":"https:\/\/architectedevosreves.com\/es\/wp-json\/wp\/v2\/users\/1"}],"replies":[{"embeddable":true,"href":"https:\/\/architectedevosreves.com\/es\/wp-json\/wp\/v2\/comments?post=7"}],"version-history":[{"count":0,"href":"https:\/\/architectedevosreves.com\/es\/wp-json\/wp\/v2\/pages\/7\/revisions"}],"wp:featuredmedia":[{"embeddable":true,"href":"https:\/\/architectedevosreves.com\/es\/wp-json\/wp\/v2\/media\/842"}],"wp:attachment":[{"href":"https:\/\/architectedevosreves.com\/es\/wp-json\/wp\/v2\/media?parent=7"}],"curies":[{"name":"wp","href":"https:\/\/api.w.org\/{rel}","templated":true}]}}