{"id":87,"date":"2017-11-30T13:53:58","date_gmt":"2017-11-30T12:53:58","guid":{"rendered":"http:\/\/architectedevosreves.com\/?page_id=87"},"modified":"2017-12-12T17:19:22","modified_gmt":"2017-12-12T16:19:22","slug":"mentions-legales","status":"publish","type":"page","link":"https:\/\/architectedevosreves.com\/es\/mentions-legales\/","title":{"rendered":"Aviso legal"},"content":{"rendered":"<p><strong>Propri\u00e9taire du site :<\/strong> Patricia LAGIER<\/p>\n<p><strong>Responsable de la r\u00e9daction du site :<\/strong> Patricia LAGIER<\/p>\n<p>Conform\u00e9ment \u00e0 la Loi n\u00b0 78-17 du 6 janvier 1978 relative \u00e0 l&rsquo;informatique, aux fichiers et aux libert\u00e9s, les donn\u00e9es r\u00e9cup\u00e9r\u00e9es via le formulaire de contact ne seront pas utilis\u00e9 \u00e0 des fins autre qu&rsquo;un contact professionnel entre l&rsquo;entreprise architectedevosreves.com et l&rsquo;utilisateur.<br \/>\nL&rsquo;usage des donn\u00e9es r\u00e9colt\u00e9s est conforme aux finalit\u00e9s d\u00e9clar\u00e9es \u00e0 la CNIL.<\/p>\n<p>Ce site, ainsi que ses \u00e9l\u00e9ments -graphiques, textuels, et ses images- sont prot\u00e9g\u00e9s par le droit d\u2019auteur.<br \/>\n\u00c0 ce titre, toute utilisation, reproduction ou transfert de ces \u00e9l\u00e9ments sans l\u2019accord \u00e9crit de architectedevosreves.com constituerait une contrefa\u00e7on sanctionn\u00e9e par les articles L. 335-2 et suivants du Code de la propri\u00e9t\u00e9 intellectuelle.<\/p>\n<p>L\u2019utilisation d&rsquo;hyperliens pointant sur architectedevosreves.com doit \u00eatre faite sous certaines r\u00e9serves :<br \/>\n&#8211; les pages du site pr\u00e9sent ne doivent pas \u00eatre imbriqu\u00e9es dans un site existant mais s&rsquo;ouvrir dans un nouvel onglet \/ une nouvelle fen\u00eatre pour signaler \u00e0 l&rsquo;utilisateur le changement de site<br \/>\n&#8211; le lien doit mentionner le contenu vis\u00e9<\/p>","protected":false},"excerpt":{"rendered":"<p>Propri\u00e9taire du site : Patricia LAGIER Responsable de la r\u00e9daction du site : Patricia LAGIER Conform\u00e9ment \u00e0 la Loi n\u00b0 78-17 du 6 janvier 1978 relative \u00e0 l&rsquo;informatique, aux fichiers et aux libert\u00e9s, les donn\u00e9es r\u00e9cup\u00e9r\u00e9es via le formulaire de contact ne seront pas utilis\u00e9 \u00e0 des fins autre qu&rsquo;un contact professionnel entre l&rsquo;entreprise architectedevosreves.com [&hellip;]<\/p>","protected":false},"author":1,"featured_media":0,"parent":0,"menu_order":0,"comment_status":"closed","ping_status":"closed","template":"","meta":{"_acf_changed":false,"footnotes":""},"class_list":["post-87","page","type-page","status-publish","hentry"],"acf":[],"yoast_head":"<!-- This site is optimized with the Yoast SEO plugin v26.9 - https:\/\/yoast.com\/product\/yoast-seo-wordpress\/ -->\n<title>Mentions l\u00e9gales &#8902; Architecte de vos r\u00eaves<\/title>\n<meta name=\"robots\" content=\"noindex, nofollow\" \/>\n<meta property=\"og:locale\" content=\"es_ES\" \/>\n<meta property=\"og:type\" content=\"article\" \/>\n<meta property=\"og:title\" content=\"Mentions l\u00e9gales &#8902; Architecte de vos r\u00eaves\" \/>\n<meta property=\"og:description\" content=\"Propri\u00e9taire du site : Patricia LAGIER Responsable de la r\u00e9daction du site : Patricia LAGIER Conform\u00e9ment \u00e0 la Loi n\u00b0 78-17 du 6 janvier 1978 relative \u00e0 l&rsquo;informatique, aux fichiers et aux libert\u00e9s, les donn\u00e9es r\u00e9cup\u00e9r\u00e9es via le formulaire de contact ne seront pas utilis\u00e9 \u00e0 des fins autre qu&rsquo;un contact professionnel entre l&rsquo;entreprise architectedevosreves.com [&hellip;]\" \/>\n<meta property=\"og:url\" content=\"https:\/\/architectedevosreves.com\/es\/mentions-legales\/\" \/>\n<meta property=\"og:site_name\" content=\"Architecte de vos r\u00eaves\" \/>\n<meta property=\"article:modified_time\" content=\"2017-12-12T16:19:22+00:00\" \/>\n<meta name=\"twitter:card\" content=\"summary_large_image\" \/>\n<meta name=\"twitter:label1\" content=\"Tiempo de lectura\" \/>\n\t<meta name=\"twitter:data1\" content=\"1 minuto\" \/>\n<script type=\"application\/ld+json\" class=\"yoast-schema-graph\">{\"@context\":\"https:\/\/schema.org\",\"@graph\":[{\"@type\":\"WebPage\",\"@id\":\"https:\/\/architectedevosreves.com\/mentions-legales\/\",\"url\":\"https:\/\/architectedevosreves.com\/mentions-legales\/\",\"name\":\"Mentions l\u00e9gales &#8902; Architecte de vos r\u00eaves\",\"isPartOf\":{\"@id\":\"https:\/\/architectedevosreves.com\/#website\"},\"datePublished\":\"2017-11-30T12:53:58+00:00\",\"dateModified\":\"2017-12-12T16:19:22+00:00\",\"breadcrumb\":{\"@id\":\"https:\/\/architectedevosreves.com\/mentions-legales\/#breadcrumb\"},\"inLanguage\":\"es-AR\",\"potentialAction\":[{\"@type\":\"ReadAction\",\"target\":[\"https:\/\/architectedevosreves.com\/mentions-legales\/\"]}]},{\"@type\":\"BreadcrumbList\",\"@id\":\"https:\/\/architectedevosreves.com\/mentions-legales\/#breadcrumb\",\"itemListElement\":[{\"@type\":\"ListItem\",\"position\":1,\"name\":\"Home\",\"item\":\"https:\/\/architectedevosreves.com\/\"},{\"@type\":\"ListItem\",\"position\":2,\"name\":\"Mentions l\u00e9gales\"}]},{\"@type\":\"WebSite\",\"@id\":\"https:\/\/architectedevosreves.com\/#website\",\"url\":\"https:\/\/architectedevosreves.com\/\",\"name\":\"Architecte de vos r\u00eaves\",\"description\":\"Accompagner les personnes \u00e0 r\u00e9aliser leurs talents\",\"potentialAction\":[{\"@type\":\"SearchAction\",\"target\":{\"@type\":\"EntryPoint\",\"urlTemplate\":\"https:\/\/architectedevosreves.com\/?s={search_term_string}\"},\"query-input\":{\"@type\":\"PropertyValueSpecification\",\"valueRequired\":true,\"valueName\":\"search_term_string\"}}],\"inLanguage\":\"es-AR\"}]}<\/script>\n<!-- \/ Yoast SEO plugin. -->","yoast_head_json":{"title":"Mentions l\u00e9gales &#8902; Architecte de vos r\u00eaves","robots":{"index":"noindex","follow":"nofollow"},"og_locale":"es_ES","og_type":"article","og_title":"Mentions l\u00e9gales &#8902; Architecte de vos r\u00eaves","og_description":"Propri\u00e9taire du site : Patricia LAGIER Responsable de la r\u00e9daction du site : Patricia LAGIER Conform\u00e9ment \u00e0 la Loi n\u00b0 78-17 du 6 janvier 1978 relative \u00e0 l&rsquo;informatique, aux fichiers et aux libert\u00e9s, les donn\u00e9es r\u00e9cup\u00e9r\u00e9es via le formulaire de contact ne seront pas utilis\u00e9 \u00e0 des fins autre qu&rsquo;un contact professionnel entre l&rsquo;entreprise architectedevosreves.com [&hellip;]","og_url":"https:\/\/architectedevosreves.com\/es\/mentions-legales\/","og_site_name":"Architecte de vos r\u00eaves","article_modified_time":"2017-12-12T16:19:22+00:00","twitter_card":"summary_large_image","twitter_misc":{"Tiempo de lectura":"1 minuto"},"schema":{"@context":"https:\/\/schema.org","@graph":[{"@type":"WebPage","@id":"https:\/\/architectedevosreves.com\/mentions-legales\/","url":"https:\/\/architectedevosreves.com\/mentions-legales\/","name":"Mentions l\u00e9gales &#8902; Architecte de vos r\u00eaves","isPartOf":{"@id":"https:\/\/architectedevosreves.com\/#website"},"datePublished":"2017-11-30T12:53:58+00:00","dateModified":"2017-12-12T16:19:22+00:00","breadcrumb":{"@id":"https:\/\/architectedevosreves.com\/mentions-legales\/#breadcrumb"},"inLanguage":"es-AR","potentialAction":[{"@type":"ReadAction","target":["https:\/\/architectedevosreves.com\/mentions-legales\/"]}]},{"@type":"BreadcrumbList","@id":"https:\/\/architectedevosreves.com\/mentions-legales\/#breadcrumb","itemListElement":[{"@type":"ListItem","position":1,"name":"Home","item":"https:\/\/architectedevosreves.com\/"},{"@type":"ListItem","position":2,"name":"Mentions l\u00e9gales"}]},{"@type":"WebSite","@id":"https:\/\/architectedevosreves.com\/#website","url":"https:\/\/architectedevosreves.com\/","name":"Architecte de vos r\u00eaves","description":"Accompagner les personnes \u00e0 r\u00e9aliser leurs talents","potentialAction":[{"@type":"SearchAction","target":{"@type":"EntryPoint","urlTemplate":"https:\/\/architectedevosreves.com\/?s={search_term_string}"},"query-input":{"@type":"PropertyValueSpecification","valueRequired":true,"valueName":"search_term_string"}}],"inLanguage":"es-AR"}]}},"_links":{"self":[{"href":"https:\/\/architectedevosreves.com\/es\/wp-json\/wp\/v2\/pages\/87","targetHints":{"allow":["GET"]}}],"collection":[{"href":"https:\/\/architectedevosreves.com\/es\/wp-json\/wp\/v2\/pages"}],"about":[{"href":"https:\/\/architectedevosreves.com\/es\/wp-json\/wp\/v2\/types\/page"}],"author":[{"embeddable":true,"href":"https:\/\/architectedevosreves.com\/es\/wp-json\/wp\/v2\/users\/1"}],"replies":[{"embeddable":true,"href":"https:\/\/architectedevosreves.com\/es\/wp-json\/wp\/v2\/comments?post=87"}],"version-history":[{"count":0,"href":"https:\/\/architectedevosreves.com\/es\/wp-json\/wp\/v2\/pages\/87\/revisions"}],"wp:attachment":[{"href":"https:\/\/architectedevosreves.com\/es\/wp-json\/wp\/v2\/media?parent=87"}],"curies":[{"name":"wp","href":"https:\/\/api.w.org\/{rel}","templated":true}]}}