{"id":9,"date":"2017-11-29T12:39:01","date_gmt":"2017-11-29T11:39:01","guid":{"rendered":"http:\/\/architectedevosreves.com\/?page_id=9"},"modified":"2020-10-04T13:59:57","modified_gmt":"2020-10-04T11:59:57","slug":"mes-outils","status":"publish","type":"page","link":"https:\/\/architectedevosreves.com\/es\/mes-outils\/","title":{"rendered":"Mis herramientas"},"content":{"rendered":"<h2>Experiencia y formaci\u00f3n<\/h2>\n<ul>\n<li>&nbsp;15 ann\u00e9es&nbsp; dans la cr\u00e9ation de projets, de manifestations<\/li>\n<li>&nbsp;18 a\u00f1os en el acompa\u00f1amiento de personas.<\/li>\n<li>Mis conocimientos en ciencias humanas, ciencias, ecolog\u00eda, artes, m\u00fasica y desarrollo personal.<\/li>\n<li>Gran capacidad anal\u00edtica, intuitiva y art\u00edstica<\/li>\n<li>Mi creatividad e inventiva<\/li>\n<li>Sentido pr\u00e1ctico, capacidad de organizaci\u00f3n<\/li>\n<li>Mis habilidades comunicativas<\/li>\n<li>Un DU sant\u00e9 publique en anthropologie m\u00e9dicale&nbsp; (fac medecine kremlin -bicetre)<\/li>\n<li>Toda mi formaci\u00f3n y encuentros mencionados en el cap\u00edtulo \u00abQui\u00e9n soy\u00bb<\/li>\n<\/ul>","protected":false},"excerpt":{"rendered":"<p>Exp\u00e9riences et formations &nbsp;15 ann\u00e9es&nbsp; dans la cr\u00e9ation de projets, de manifestations &nbsp;18 ann\u00e9es dans l\u2019accompagnement des personnes Mes connaissance des sciences humaines, du monde des sciences, de l\u2019\u00e9cologie, des arts, de la musique et du d\u00e9veloppement personnel Une grande capacit\u00e9 analytique, intuitive et artistique Ma cr\u00e9ativit\u00e9 et inventivit\u00e9 Le sens pratique, ma capacit\u00e9 d\u2019organisation [&hellip;]<\/p>","protected":false},"author":1,"featured_media":0,"parent":0,"menu_order":0,"comment_status":"closed","ping_status":"closed","template":"template-outils.php","meta":{"_acf_changed":false,"footnotes":""},"class_list":["post-9","page","type-page","status-publish","hentry"],"acf":[],"yoast_head":"<!-- This site is optimized with the Yoast SEO plugin v26.9 - https:\/\/yoast.com\/product\/yoast-seo-wordpress\/ -->\n<title>Mes outils &#8902; Architecte de vos r\u00eaves<\/title>\n<meta name=\"robots\" content=\"noindex, follow, max-snippet:-1, max-image-preview:large, max-video-preview:-1\" \/>\n<meta property=\"og:locale\" content=\"es_ES\" \/>\n<meta property=\"og:type\" content=\"article\" \/>\n<meta property=\"og:title\" content=\"Mes outils &#8902; Architecte de vos r\u00eaves\" \/>\n<meta property=\"og:description\" content=\"Exp\u00e9riences et formations &nbsp;15 ann\u00e9es&nbsp; dans la cr\u00e9ation de projets, de manifestations &nbsp;18 ann\u00e9es dans l\u2019accompagnement des personnes Mes connaissance des sciences humaines, du monde des sciences, de l\u2019\u00e9cologie, des arts, de la musique et du d\u00e9veloppement personnel Une grande capacit\u00e9 analytique, intuitive et artistique Ma cr\u00e9ativit\u00e9 et inventivit\u00e9 Le sens pratique, ma capacit\u00e9 d\u2019organisation [&hellip;]\" \/>\n<meta property=\"og:url\" content=\"https:\/\/architectedevosreves.com\/es\/mes-outils\/\" \/>\n<meta property=\"og:site_name\" content=\"Architecte de vos r\u00eaves\" \/>\n<meta property=\"article:modified_time\" content=\"2020-10-04T11:59:57+00:00\" \/>\n<meta name=\"twitter:card\" content=\"summary_large_image\" \/>\n<script type=\"application\/ld+json\" class=\"yoast-schema-graph\">{\"@context\":\"https:\/\/schema.org\",\"@graph\":[{\"@type\":\"WebPage\",\"@id\":\"https:\/\/architectedevosreves.com\/mes-outils\/\",\"url\":\"https:\/\/architectedevosreves.com\/mes-outils\/\",\"name\":\"Mes outils &#8902; Architecte de vos r\u00eaves\",\"isPartOf\":{\"@id\":\"https:\/\/architectedevosreves.com\/#website\"},\"datePublished\":\"2017-11-29T11:39:01+00:00\",\"dateModified\":\"2020-10-04T11:59:57+00:00\",\"breadcrumb\":{\"@id\":\"https:\/\/architectedevosreves.com\/mes-outils\/#breadcrumb\"},\"inLanguage\":\"es-AR\",\"potentialAction\":[{\"@type\":\"ReadAction\",\"target\":[\"https:\/\/architectedevosreves.com\/mes-outils\/\"]}]},{\"@type\":\"BreadcrumbList\",\"@id\":\"https:\/\/architectedevosreves.com\/mes-outils\/#breadcrumb\",\"itemListElement\":[{\"@type\":\"ListItem\",\"position\":1,\"name\":\"Home\",\"item\":\"https:\/\/architectedevosreves.com\/\"},{\"@type\":\"ListItem\",\"position\":2,\"name\":\"Mes outils\"}]},{\"@type\":\"WebSite\",\"@id\":\"https:\/\/architectedevosreves.com\/#website\",\"url\":\"https:\/\/architectedevosreves.com\/\",\"name\":\"Architecte de vos r\u00eaves\",\"description\":\"Accompagner les personnes \u00e0 r\u00e9aliser leurs talents\",\"potentialAction\":[{\"@type\":\"SearchAction\",\"target\":{\"@type\":\"EntryPoint\",\"urlTemplate\":\"https:\/\/architectedevosreves.com\/?s={search_term_string}\"},\"query-input\":{\"@type\":\"PropertyValueSpecification\",\"valueRequired\":true,\"valueName\":\"search_term_string\"}}],\"inLanguage\":\"es-AR\"}]}<\/script>\n<!-- \/ Yoast SEO plugin. -->","yoast_head_json":{"title":"Mes outils &#8902; Architecte de vos r\u00eaves","robots":{"index":"noindex","follow":"follow","max-snippet":"max-snippet:-1","max-image-preview":"max-image-preview:large","max-video-preview":"max-video-preview:-1"},"og_locale":"es_ES","og_type":"article","og_title":"Mes outils &#8902; Architecte de vos r\u00eaves","og_description":"Exp\u00e9riences et formations &nbsp;15 ann\u00e9es&nbsp; dans la cr\u00e9ation de projets, de manifestations &nbsp;18 ann\u00e9es dans l\u2019accompagnement des personnes Mes connaissance des sciences humaines, du monde des sciences, de l\u2019\u00e9cologie, des arts, de la musique et du d\u00e9veloppement personnel Une grande capacit\u00e9 analytique, intuitive et artistique Ma cr\u00e9ativit\u00e9 et inventivit\u00e9 Le sens pratique, ma capacit\u00e9 d\u2019organisation [&hellip;]","og_url":"https:\/\/architectedevosreves.com\/es\/mes-outils\/","og_site_name":"Architecte de vos r\u00eaves","article_modified_time":"2020-10-04T11:59:57+00:00","twitter_card":"summary_large_image","schema":{"@context":"https:\/\/schema.org","@graph":[{"@type":"WebPage","@id":"https:\/\/architectedevosreves.com\/mes-outils\/","url":"https:\/\/architectedevosreves.com\/mes-outils\/","name":"Mes outils &#8902; Architecte de vos r\u00eaves","isPartOf":{"@id":"https:\/\/architectedevosreves.com\/#website"},"datePublished":"2017-11-29T11:39:01+00:00","dateModified":"2020-10-04T11:59:57+00:00","breadcrumb":{"@id":"https:\/\/architectedevosreves.com\/mes-outils\/#breadcrumb"},"inLanguage":"es-AR","potentialAction":[{"@type":"ReadAction","target":["https:\/\/architectedevosreves.com\/mes-outils\/"]}]},{"@type":"BreadcrumbList","@id":"https:\/\/architectedevosreves.com\/mes-outils\/#breadcrumb","itemListElement":[{"@type":"ListItem","position":1,"name":"Home","item":"https:\/\/architectedevosreves.com\/"},{"@type":"ListItem","position":2,"name":"Mes outils"}]},{"@type":"WebSite","@id":"https:\/\/architectedevosreves.com\/#website","url":"https:\/\/architectedevosreves.com\/","name":"Architecte de vos r\u00eaves","description":"Accompagner les personnes \u00e0 r\u00e9aliser leurs talents","potentialAction":[{"@type":"SearchAction","target":{"@type":"EntryPoint","urlTemplate":"https:\/\/architectedevosreves.com\/?s={search_term_string}"},"query-input":{"@type":"PropertyValueSpecification","valueRequired":true,"valueName":"search_term_string"}}],"inLanguage":"es-AR"}]}},"_links":{"self":[{"href":"https:\/\/architectedevosreves.com\/es\/wp-json\/wp\/v2\/pages\/9","targetHints":{"allow":["GET"]}}],"collection":[{"href":"https:\/\/architectedevosreves.com\/es\/wp-json\/wp\/v2\/pages"}],"about":[{"href":"https:\/\/architectedevosreves.com\/es\/wp-json\/wp\/v2\/types\/page"}],"author":[{"embeddable":true,"href":"https:\/\/architectedevosreves.com\/es\/wp-json\/wp\/v2\/users\/1"}],"replies":[{"embeddable":true,"href":"https:\/\/architectedevosreves.com\/es\/wp-json\/wp\/v2\/comments?post=9"}],"version-history":[{"count":0,"href":"https:\/\/architectedevosreves.com\/es\/wp-json\/wp\/v2\/pages\/9\/revisions"}],"wp:attachment":[{"href":"https:\/\/architectedevosreves.com\/es\/wp-json\/wp\/v2\/media?parent=9"}],"curies":[{"name":"wp","href":"https:\/\/api.w.org\/{rel}","templated":true}]}}